{"id":477,"date":"2025-02-19T22:27:26","date_gmt":"2025-02-19T21:27:26","guid":{"rendered":"https:\/\/jaeb.sankt-augustin.de\/?page_id=477"},"modified":"2025-12-07T16:25:56","modified_gmt":"2025-12-07T15:25:56","slug":"ueber-uns","status":"publish","type":"page","link":"https:\/\/jaeb.sankt-augustin.de\/index.php\/ueber-uns\/","title":{"rendered":"\u00dcber Uns"},"content":{"rendered":"\n<h2 class=\"wp-block-heading\"><strong>Das ist der JAEB von 2025\/2026<\/strong><\/h2>\n\n\n\n<div class=\"wp-block-media-text is-stacked-on-mobile\"><figure class=\"wp-block-media-text__media\"><img loading=\"lazy\" decoding=\"async\" width=\"1000\" height=\"750\" src=\"https:\/\/jaeb.sankt-augustin.de\/wp-content\/uploads\/2025\/12\/JAEB2025-26.jpg\" alt=\"\" class=\"wp-image-543 size-full\" srcset=\"https:\/\/jaeb.sankt-augustin.de\/wp-content\/uploads\/2025\/12\/JAEB2025-26.jpg 1000w, https:\/\/jaeb.sankt-augustin.de\/wp-content\/uploads\/2025\/12\/JAEB2025-26-300x225.jpg 300w, https:\/\/jaeb.sankt-augustin.de\/wp-content\/uploads\/2025\/12\/JAEB2025-26-768x576.jpg 768w\" sizes=\"(max-width: 1000px) 100vw, 1000px\" \/><\/figure><div class=\"wp-block-media-text__content\">\n<p>JAEB Vorsitzende: <strong>Julia Wei\u00df<\/strong><\/p>\n\n\n\n<p>2. Vorsitzende: <strong>Alexander Ebner<\/strong><\/p>\n\n\n\n<p>Schriftf\u00fchrerin: <strong>Ramona L\u00f6wenberg<\/strong><\/p>\n\n\n\n<p>2. Schriftf\u00fchrerin: <strong>Steffen Giernoth<\/strong><\/p>\n\n\n\n<p>Beisitzer sind: <\/p>\n\n\n\n<p><em>Eugenia Spiglasow<\/em><\/p>\n\n\n\n<p><em>Dirk Hinsen<\/em><\/p>\n\n\n\n<p><em>Nischa Einhaus<\/em><\/p>\n\n\n\n<p><em>Matthias Sauer<\/em><\/p>\n\n\n\n<p><em>Jens Homberg<\/em><\/p>\n\n\n\n<p><\/p>\n\n\n\n<p><\/p>\n\n\n\n<p class=\"has-small-font-size\">Bildquelle: \u201eStadt Sankt Augustin&#8220;<\/p>\n<\/div><\/div>\n","protected":false},"excerpt":{"rendered":"<p>Das ist der JAEB von 2025\/2026 JAEB Vorsitzende: Julia Wei\u00df 2. Vorsitzende: Alexander Ebner Schriftf\u00fchrerin: Ramona L\u00f6wenberg 2. Schriftf\u00fchrerin: Steffen Giernoth Beisitzer sind: Eugenia Spiglasow Dirk Hinsen Nischa Einhaus Matthias Sauer Jens Homberg Bildquelle: \u201eStadt Sankt Augustin&#8220;<\/p>\n","protected":false},"author":1,"featured_media":0,"parent":0,"menu_order":0,"comment_status":"closed","ping_status":"closed","template":"","meta":{"footnotes":""},"_links":{"self":[{"href":"https:\/\/jaeb.sankt-augustin.de\/index.php\/wp-json\/wp\/v2\/pages\/477"}],"collection":[{"href":"https:\/\/jaeb.sankt-augustin.de\/index.php\/wp-json\/wp\/v2\/pages"}],"about":[{"href":"https:\/\/jaeb.sankt-augustin.de\/index.php\/wp-json\/wp\/v2\/types\/page"}],"author":[{"embeddable":true,"href":"https:\/\/jaeb.sankt-augustin.de\/index.php\/wp-json\/wp\/v2\/users\/1"}],"replies":[{"embeddable":true,"href":"https:\/\/jaeb.sankt-augustin.de\/index.php\/wp-json\/wp\/v2\/comments?post=477"}],"version-history":[{"count":5,"href":"https:\/\/jaeb.sankt-augustin.de\/index.php\/wp-json\/wp\/v2\/pages\/477\/revisions"}],"predecessor-version":[{"id":546,"href":"https:\/\/jaeb.sankt-augustin.de\/index.php\/wp-json\/wp\/v2\/pages\/477\/revisions\/546"}],"wp:attachment":[{"href":"https:\/\/jaeb.sankt-augustin.de\/index.php\/wp-json\/wp\/v2\/media?parent=477"}],"curies":[{"name":"wp","href":"https:\/\/api.w.org\/{rel}","templated":true}]}}