{"id":467,"date":"2025-02-19T22:16:00","date_gmt":"2025-02-19T21:16:00","guid":{"rendered":"https:\/\/jaeb.sankt-augustin.de\/?page_id=467"},"modified":"2025-12-07T16:31:01","modified_gmt":"2025-12-07T15:31:01","slug":"kontaktiere-uns","status":"publish","type":"page","link":"https:\/\/jaeb.sankt-augustin.de\/index.php\/kontaktiere-uns\/","title":{"rendered":"Kontaktiere uns"},"content":{"rendered":"\n<p>Bei Fragen, Anregungen oder Problemen k\u00f6nnen Sie uns gerne eine E-Mail an:<\/p>\n\n\n\n<p>jaeb.sanktaugustin[at]gmail.com zukommen lassen. Wir werden uns bem\u00fchen, diese zeitnah zu beantworten.<\/p>\n\n\n\n<p><\/p>\n\n\n\n<p><strong>Ganz neu: <\/strong>Wir sind jetzt auch via WhatsApp f\u00fcr euch erreichbar!<\/p>\n\n\n\n<p><strong><mark style=\"background-color:rgba(0, 0, 0, 0);color:#e61313\" class=\"has-inline-color\">Es gibt jetzt eine Community des JAEB bei WhatsApp, und Ortsgruppen, wo Elternbeir\u00e4te sich austauschen k\u00f6nnen.<\/mark><\/strong> Verpasst also nichts und nutzt unsere neue Plattform!<\/p>\n\n\n\n<p><em>Kontaktiert uns \u00fcber den QR-Code mit Stadtteil und dann werdet ihr entsprechend in die Gruppen zugeordnet.<\/em><\/p>\n\n\n\n<figure class=\"wp-block-image size-large is-resized\"><img loading=\"lazy\" decoding=\"async\" width=\"576\" height=\"1024\" src=\"https:\/\/jaeb.sankt-augustin.de\/wp-content\/uploads\/2025\/02\/shared_qr_code-576x1024.png\" alt=\"\" class=\"wp-image-471\" style=\"width:249px;height:auto\" srcset=\"https:\/\/jaeb.sankt-augustin.de\/wp-content\/uploads\/2025\/02\/shared_qr_code-576x1024.png 576w, https:\/\/jaeb.sankt-augustin.de\/wp-content\/uploads\/2025\/02\/shared_qr_code-169x300.png 169w, https:\/\/jaeb.sankt-augustin.de\/wp-content\/uploads\/2025\/02\/shared_qr_code.png 630w\" sizes=\"(max-width: 576px) 100vw, 576px\" \/><\/figure>\n","protected":false},"excerpt":{"rendered":"<p>Bei Fragen, Anregungen oder Problemen k\u00f6nnen Sie uns gerne eine E-Mail an: jaeb.sanktaugustin[at]gmail.com zukommen lassen. Wir werden uns bem\u00fchen, diese zeitnah zu beantworten. Ganz neu: Wir sind jetzt auch via WhatsApp f\u00fcr euch erreichbar! Es gibt jetzt eine Community des JAEB bei WhatsApp, und Ortsgruppen, wo Elternbeir\u00e4te sich austauschen k\u00f6nnen. Verpasst also nichts und nutzt &#8230; <a title=\"Kontaktiere uns\" class=\"read-more\" href=\"https:\/\/jaeb.sankt-augustin.de\/index.php\/kontaktiere-uns\/\" aria-label=\"Mehr dazu unter Kontaktiere uns\">Weiterlesen<\/a><\/p>\n","protected":false},"author":1,"featured_media":0,"parent":0,"menu_order":0,"comment_status":"closed","ping_status":"closed","template":"","meta":{"footnotes":""},"_links":{"self":[{"href":"https:\/\/jaeb.sankt-augustin.de\/index.php\/wp-json\/wp\/v2\/pages\/467"}],"collection":[{"href":"https:\/\/jaeb.sankt-augustin.de\/index.php\/wp-json\/wp\/v2\/pages"}],"about":[{"href":"https:\/\/jaeb.sankt-augustin.de\/index.php\/wp-json\/wp\/v2\/types\/page"}],"author":[{"embeddable":true,"href":"https:\/\/jaeb.sankt-augustin.de\/index.php\/wp-json\/wp\/v2\/users\/1"}],"replies":[{"embeddable":true,"href":"https:\/\/jaeb.sankt-augustin.de\/index.php\/wp-json\/wp\/v2\/comments?post=467"}],"version-history":[{"count":3,"href":"https:\/\/jaeb.sankt-augustin.de\/index.php\/wp-json\/wp\/v2\/pages\/467\/revisions"}],"predecessor-version":[{"id":548,"href":"https:\/\/jaeb.sankt-augustin.de\/index.php\/wp-json\/wp\/v2\/pages\/467\/revisions\/548"}],"wp:attachment":[{"href":"https:\/\/jaeb.sankt-augustin.de\/index.php\/wp-json\/wp\/v2\/media?parent=467"}],"curies":[{"name":"wp","href":"https:\/\/api.w.org\/{rel}","templated":true}]}}