{"id":453,"date":"2024-10-29T13:46:51","date_gmt":"2024-10-29T12:46:51","guid":{"rendered":"https:\/\/jaeb.sankt-augustin.de\/?page_id=453"},"modified":"2024-10-29T13:48:59","modified_gmt":"2024-10-29T12:48:59","slug":"menden","status":"publish","type":"page","link":"https:\/\/jaeb.sankt-augustin.de\/index.php\/menden\/","title":{"rendered":"Menden"},"content":{"rendered":"\n<div class=\"wp-block-media-text is-stacked-on-mobile\" style=\"grid-template-columns:42% auto\"><figure class=\"wp-block-media-text__media\"><img loading=\"lazy\" decoding=\"async\" width=\"376\" height=\"371\" src=\"https:\/\/jaeb.sankt-augustin.de\/wp-content\/uploads\/2024\/07\/emmaus-2024.jpg\" alt=\"Evangelische Kindertagesst\u00e4tte Emmaus-Garten\" class=\"wp-image-417 size-full\" srcset=\"https:\/\/jaeb.sankt-augustin.de\/wp-content\/uploads\/2024\/07\/emmaus-2024.jpg 376w, https:\/\/jaeb.sankt-augustin.de\/wp-content\/uploads\/2024\/07\/emmaus-2024-300x296.jpg 300w\" sizes=\"(max-width: 376px) 100vw, 376px\" \/><\/figure><div class=\"wp-block-media-text__content\">\n<p><a href=\"https:\/\/www.kjf-ggmbh.de\/kita\/ev-kita-emmausgarten\/\" target=\"_blank\" rel=\"noreferrer noopener\">Evangelische Kindertagesst\u00e4tte Emmaus-Garten<\/a><\/p>\n<\/div><\/div>\n\n\n\n<div class=\"wp-block-media-text is-stacked-on-mobile\" style=\"grid-template-columns:41% auto\"><figure class=\"wp-block-media-text__media\"><img loading=\"lazy\" decoding=\"async\" width=\"800\" height=\"450\" src=\"https:\/\/jaeb.sankt-augustin.de\/wp-content\/uploads\/2021\/02\/waldorfkinderhaus-hangelar.jpg\" alt=\"Familienzentrum Waldorfkinderhaus Menden\" class=\"wp-image-125 size-full\" srcset=\"https:\/\/jaeb.sankt-augustin.de\/wp-content\/uploads\/2021\/02\/waldorfkinderhaus-hangelar.jpg 800w, https:\/\/jaeb.sankt-augustin.de\/wp-content\/uploads\/2021\/02\/waldorfkinderhaus-hangelar-300x169.jpg 300w, https:\/\/jaeb.sankt-augustin.de\/wp-content\/uploads\/2021\/02\/waldorfkinderhaus-hangelar-768x432.jpg 768w\" sizes=\"(max-width: 800px) 100vw, 800px\" \/><\/figure><div class=\"wp-block-media-text__content\">\n<p><a href=\"https:\/\/www.conclusio-ggmbh.de\/familienzentrum\">Familienzentrum Waldorfkinderhaus Menden<\/a><\/p>\n\n\n\n<p><\/p>\n<\/div><\/div>\n\n\n\n<div class=\"wp-block-media-text is-stacked-on-mobile\" style=\"grid-template-columns:41% auto\"><figure class=\"wp-block-media-text__media\"><img loading=\"lazy\" decoding=\"async\" width=\"505\" height=\"379\" src=\"https:\/\/jaeb.sankt-augustin.de\/wp-content\/uploads\/2024\/07\/Kita-Augustius2024.jpg\" alt=\"Katholisches Familienzentrum NRW St. Augustinus \u2013 Kita Augustinus\" class=\"wp-image-418 size-full\" srcset=\"https:\/\/jaeb.sankt-augustin.de\/wp-content\/uploads\/2024\/07\/Kita-Augustius2024.jpg 505w, https:\/\/jaeb.sankt-augustin.de\/wp-content\/uploads\/2024\/07\/Kita-Augustius2024-300x225.jpg 300w\" sizes=\"(max-width: 505px) 100vw, 505px\" \/><\/figure><div class=\"wp-block-media-text__content\">\n<p><a href=\"https:\/\/www.familienzentrum-st-augustinus.de\/kurzkonzept-augustinus\/\">Katholisches Familienzentrum NRW St. Augustinus \u2013 Kita Augustinus<\/a><\/p>\n<\/div><\/div>\n\n\n\n<div class=\"wp-block-media-text is-stacked-on-mobile\" style=\"grid-template-columns:41% auto\"><figure class=\"wp-block-media-text__media\"><img loading=\"lazy\" decoding=\"async\" width=\"580\" height=\"435\" src=\"https:\/\/jaeb.sankt-augustin.de\/wp-content\/uploads\/2024\/07\/Kath.-Kita-Leuchtturm.jpg\" alt=\"Katholisches Familienzentrum NRW St. Augustinus \u2013 Kita Leuchtturm\" class=\"wp-image-416 size-full\" srcset=\"https:\/\/jaeb.sankt-augustin.de\/wp-content\/uploads\/2024\/07\/Kath.-Kita-Leuchtturm.jpg 580w, https:\/\/jaeb.sankt-augustin.de\/wp-content\/uploads\/2024\/07\/Kath.-Kita-Leuchtturm-300x225.jpg 300w\" sizes=\"(max-width: 580px) 100vw, 580px\" \/><\/figure><div class=\"wp-block-media-text__content\">\n<p><a href=\"https:\/\/www.familienzentrum-st-augustinus.de\/kurzkonzept-leuchtturm\/\" target=\"_blank\" rel=\"noreferrer noopener\">Katholisches Familienzentrum NRW St. Augustinus \u2013 Kita Leuchtturm<\/a><\/p>\n<\/div><\/div>\n\n\n\n<div class=\"wp-block-media-text is-stacked-on-mobile\" style=\"grid-template-columns:41% auto\"><figure class=\"wp-block-media-text__media\"><img loading=\"lazy\" decoding=\"async\" width=\"624\" height=\"446\" src=\"https:\/\/jaeb.sankt-augustin.de\/wp-content\/uploads\/2021\/03\/grashuepfer.jpg\" alt=\"Kindertageseinrichtung Die Grash\u00fcpfer\" class=\"wp-image-170 size-full\" srcset=\"https:\/\/jaeb.sankt-augustin.de\/wp-content\/uploads\/2021\/03\/grashuepfer.jpg 624w, https:\/\/jaeb.sankt-augustin.de\/wp-content\/uploads\/2021\/03\/grashuepfer-300x214.jpg 300w\" sizes=\"(max-width: 624px) 100vw, 624px\" \/><\/figure><div class=\"wp-block-media-text__content\">\n<p><a href=\"https:\/\/dksb-sankt-augustin.de\/grashuepfer\/\" target=\"_blank\" rel=\"noreferrer noopener\">Kindertageseinrichtung Die Grash\u00fcpfer<\/a><\/p>\n<\/div><\/div>\n\n\n\n<div class=\"wp-block-media-text is-stacked-on-mobile\" style=\"grid-template-columns:41% auto\"><figure class=\"wp-block-media-text__media\"><img loading=\"lazy\" decoding=\"async\" width=\"1024\" height=\"681\" src=\"https:\/\/jaeb.sankt-augustin.de\/wp-content\/uploads\/2021\/02\/kita_apfelbaeumchen-1024x681.jpg\" alt=\"Kindertagesst\u00e4tte KiKu Apfelb\u00e4umchen\" class=\"wp-image-42 size-full\" srcset=\"https:\/\/jaeb.sankt-augustin.de\/wp-content\/uploads\/2021\/02\/kita_apfelbaeumchen-1024x681.jpg 1024w, https:\/\/jaeb.sankt-augustin.de\/wp-content\/uploads\/2021\/02\/kita_apfelbaeumchen-300x199.jpg 300w, https:\/\/jaeb.sankt-augustin.de\/wp-content\/uploads\/2021\/02\/kita_apfelbaeumchen-768x511.jpg 768w, https:\/\/jaeb.sankt-augustin.de\/wp-content\/uploads\/2021\/02\/kita_apfelbaeumchen-1536x1021.jpg 1536w, https:\/\/jaeb.sankt-augustin.de\/wp-content\/uploads\/2021\/02\/kita_apfelbaeumchen.jpg 1540w\" sizes=\"(max-width: 1024px) 100vw, 1024px\" \/><\/figure><div class=\"wp-block-media-text__content\">\n<p><a href=\"https:\/\/kinderzentren.de\/st-augustin-kita-kiku-apfelbaeumchen\/\" target=\"_blank\" rel=\"noreferrer noopener\">Kindertagesst\u00e4tte KiKu Apfelb\u00e4umchen<\/a><\/p>\n<\/div><\/div>\n\n\n\n<div class=\"wp-block-media-text is-stacked-on-mobile\" style=\"grid-template-columns:41% auto\"><figure class=\"wp-block-media-text__media\"><img loading=\"lazy\" decoding=\"async\" width=\"1024\" height=\"678\" src=\"https:\/\/jaeb.sankt-augustin.de\/wp-content\/uploads\/2024\/07\/Kita-Rebhuhnfeld2024.jpg\" alt=\"St\u00e4dtische Kindertageseinrichtung Im Rebhuhnfeld\" class=\"wp-image-408 size-full\" srcset=\"https:\/\/jaeb.sankt-augustin.de\/wp-content\/uploads\/2024\/07\/Kita-Rebhuhnfeld2024.jpg 1024w, https:\/\/jaeb.sankt-augustin.de\/wp-content\/uploads\/2024\/07\/Kita-Rebhuhnfeld2024-300x199.jpg 300w, https:\/\/jaeb.sankt-augustin.de\/wp-content\/uploads\/2024\/07\/Kita-Rebhuhnfeld2024-768x509.jpg 768w\" sizes=\"(max-width: 1024px) 100vw, 1024px\" \/><\/figure><div class=\"wp-block-media-text__content\">\n<p><a href=\"https:\/\/www.sankt-augustin.de\/familie-soziales\/angebotefuerfamilien\/kindertagesbetreuung\/kitas\/\" target=\"_blank\" rel=\"noreferrer noopener\">St\u00e4dtische Kindertageseinrichtung Im Rebhuhnfeld<\/a><\/p>\n<\/div><\/div>\n\n\n\n<div class=\"wp-block-media-text is-stacked-on-mobile\" style=\"grid-template-columns:41% auto\"><figure class=\"wp-block-media-text__media\"><img loading=\"lazy\" decoding=\"async\" width=\"300\" height=\"199\" src=\"https:\/\/jaeb.sankt-augustin.de\/wp-content\/uploads\/2021\/03\/kita_marktstrasse.jpeg\" alt=\"St\u00e4dtisches Familienzentrum NRW Kita Marktstra\u00dfe\" class=\"wp-image-168 size-full\"\/><\/figure><div class=\"wp-block-media-text__content\">\n<p><a href=\"https:\/\/www.sankt-augustin.de\/familie-soziales\/angebotefuerfamilien\/kindertagesbetreuung\/kitas\/\">St\u00e4dtisches Familienzentrum NRW Kita Marktstra\u00dfe<\/a><\/p>\n<\/div><\/div>\n\n\n\n<div class=\"wp-block-media-text is-stacked-on-mobile\" style=\"grid-template-columns:41% auto\"><figure class=\"wp-block-media-text__media\"><img loading=\"lazy\" decoding=\"async\" width=\"300\" height=\"200\" src=\"https:\/\/jaeb.sankt-augustin.de\/wp-content\/uploads\/2021\/03\/kita_siegstrasse.jpg\" alt=\"St\u00e4dtisches Familienzentrum NRW Kita Siegstra\u00dfe\" class=\"wp-image-169 size-full\"\/><\/figure><div class=\"wp-block-media-text__content\">\n<p><a href=\"https:\/\/www.sankt-augustin.de\/familie-soziales\/angebotefuerfamilien\/kindertagesbetreuung\/kitas\/\">St\u00e4dtisches Familienzentrum NRW Kita Siegstra\u00dfe<\/a><\/p>\n<\/div><\/div>\n","protected":false},"excerpt":{"rendered":"<p>Evangelische Kindertagesst\u00e4tte Emmaus-Garten Familienzentrum Waldorfkinderhaus Menden Katholisches Familienzentrum NRW St. Augustinus \u2013 Kita Augustinus Katholisches Familienzentrum NRW St. Augustinus \u2013 Kita Leuchtturm Kindertageseinrichtung Die Grash\u00fcpfer Kindertagesst\u00e4tte KiKu Apfelb\u00e4umchen St\u00e4dtische Kindertageseinrichtung Im Rebhuhnfeld St\u00e4dtisches Familienzentrum NRW Kita Marktstra\u00dfe St\u00e4dtisches Familienzentrum NRW Kita Siegstra\u00dfe<\/p>\n","protected":false},"author":1,"featured_media":0,"parent":0,"menu_order":0,"comment_status":"closed","ping_status":"closed","template":"","meta":{"footnotes":""},"_links":{"self":[{"href":"https:\/\/jaeb.sankt-augustin.de\/index.php\/wp-json\/wp\/v2\/pages\/453"}],"collection":[{"href":"https:\/\/jaeb.sankt-augustin.de\/index.php\/wp-json\/wp\/v2\/pages"}],"about":[{"href":"https:\/\/jaeb.sankt-augustin.de\/index.php\/wp-json\/wp\/v2\/types\/page"}],"author":[{"embeddable":true,"href":"https:\/\/jaeb.sankt-augustin.de\/index.php\/wp-json\/wp\/v2\/users\/1"}],"replies":[{"embeddable":true,"href":"https:\/\/jaeb.sankt-augustin.de\/index.php\/wp-json\/wp\/v2\/comments?post=453"}],"version-history":[{"count":2,"href":"https:\/\/jaeb.sankt-augustin.de\/index.php\/wp-json\/wp\/v2\/pages\/453\/revisions"}],"predecessor-version":[{"id":456,"href":"https:\/\/jaeb.sankt-augustin.de\/index.php\/wp-json\/wp\/v2\/pages\/453\/revisions\/456"}],"wp:attachment":[{"href":"https:\/\/jaeb.sankt-augustin.de\/index.php\/wp-json\/wp\/v2\/media?parent=453"}],"curies":[{"name":"wp","href":"https:\/\/api.w.org\/{rel}","templated":true}]}}