{"id":430,"date":"2024-10-29T12:51:40","date_gmt":"2024-10-29T11:51:40","guid":{"rendered":"https:\/\/jaeb.sankt-augustin.de\/?page_id=430"},"modified":"2024-10-29T13:26:37","modified_gmt":"2024-10-29T12:26:37","slug":"unsere-kitas-in-sankt-augustin","status":"publish","type":"page","link":"https:\/\/jaeb.sankt-augustin.de\/index.php\/unsere-kitas-in-sankt-augustin\/","title":{"rendered":"Unsere Kitas in Sankt Augustin"},"content":{"rendered":"\n<p>Liebe Eltern,<\/p>\n\n\n\n<p>hier k\u00f6nnt ihr unsere aktuellen Kitas stadtteilsortiert euch anschauen. Diese sind m\u00f6glichst auf die Webseiten der eigenen Kitas oder der Tr\u00e4ger verlinkt, sodass ihr euch ausf\u00fchrlich informieren k\u00f6nnt.<\/p>\n\n\n\n<p style=\"font-size:16px\">Sollte eine der Kitas im falschen Stadtteil einsortiert sein, bitten wir dies zu entschuldigen und uns auf den richtigen Stadtteil hinzuweisen!<\/p>\n","protected":false},"excerpt":{"rendered":"<p>Liebe Eltern, hier k\u00f6nnt ihr unsere aktuellen Kitas stadtteilsortiert euch anschauen. Diese sind m\u00f6glichst auf die Webseiten der eigenen Kitas oder der Tr\u00e4ger verlinkt, sodass ihr euch ausf\u00fchrlich informieren k\u00f6nnt. Sollte eine der Kitas im falschen Stadtteil einsortiert sein, bitten wir dies zu entschuldigen und uns auf den richtigen Stadtteil hinzuweisen!<\/p>\n","protected":false},"author":1,"featured_media":0,"parent":0,"menu_order":0,"comment_status":"closed","ping_status":"closed","template":"","meta":{"footnotes":""},"_links":{"self":[{"href":"https:\/\/jaeb.sankt-augustin.de\/index.php\/wp-json\/wp\/v2\/pages\/430"}],"collection":[{"href":"https:\/\/jaeb.sankt-augustin.de\/index.php\/wp-json\/wp\/v2\/pages"}],"about":[{"href":"https:\/\/jaeb.sankt-augustin.de\/index.php\/wp-json\/wp\/v2\/types\/page"}],"author":[{"embeddable":true,"href":"https:\/\/jaeb.sankt-augustin.de\/index.php\/wp-json\/wp\/v2\/users\/1"}],"replies":[{"embeddable":true,"href":"https:\/\/jaeb.sankt-augustin.de\/index.php\/wp-json\/wp\/v2\/comments?post=430"}],"version-history":[{"count":2,"href":"https:\/\/jaeb.sankt-augustin.de\/index.php\/wp-json\/wp\/v2\/pages\/430\/revisions"}],"predecessor-version":[{"id":447,"href":"https:\/\/jaeb.sankt-augustin.de\/index.php\/wp-json\/wp\/v2\/pages\/430\/revisions\/447"}],"wp:attachment":[{"href":"https:\/\/jaeb.sankt-augustin.de\/index.php\/wp-json\/wp\/v2\/media?parent=430"}],"curies":[{"name":"wp","href":"https:\/\/api.w.org\/{rel}","templated":true}]}}