{"id":338,"date":"2022-01-31T15:13:21","date_gmt":"2022-01-31T14:13:21","guid":{"rendered":"https:\/\/jaeb.sankt-augustin.de\/?page_id=338"},"modified":"2022-01-31T15:47:59","modified_gmt":"2022-01-31T14:47:59","slug":"dokumentenarchiv","status":"publish","type":"page","link":"https:\/\/jaeb.sankt-augustin.de\/index.php\/dokumentenarchiv\/","title":{"rendered":"Dokumentenarchiv"},"content":{"rendered":"\n<p>von A bis Z<\/p>\n\n\n\n<p>A<\/p>\n\n\n\n<p><a href=\"https:\/\/jaeb.sankt-augustin.de\/wp-content\/uploads\/2022\/01\/JAEB-Elternbrief-AUG2021.pdf\" data-type=\"URL\" data-id=\"https:\/\/jaeb.sankt-augustin.de\/wp-content\/uploads\/2022\/01\/JAEB-Elternbrief-AUG2021.pdf\" target=\"_blank\" rel=\"noreferrer noopener\">Aushang<\/a><\/p>\n\n\n\n<hr class=\"wp-block-separator\"\/>\n\n\n\n<p>G<\/p>\n\n\n\n<p><a href=\"https:\/\/jaeb.sankt-augustin.de\/wp-content\/uploads\/2022\/01\/Geschaeftsordnung_Fassung_von_2019.pdf\" data-type=\"URL\" data-id=\"https:\/\/jaeb.sankt-augustin.de\/wp-content\/uploads\/2022\/01\/Geschaeftsordnung_Fassung_von_2019.pdf\" target=\"_blank\" rel=\"noreferrer noopener\">Gesch\u00e4ftsordnung von 2019<\/a><\/p>\n\n\n\n<p><a href=\"https:\/\/jaeb.sankt-augustin.de\/wp-content\/uploads\/2022\/01\/Der-Umgang-mit-Geschenken.pdf\" data-type=\"URL\" data-id=\"https:\/\/jaeb.sankt-augustin.de\/wp-content\/uploads\/2022\/01\/Der-Umgang-mit-Geschenken.pdf\" target=\"_blank\" rel=\"noreferrer noopener\">Umgang mit Geschenken<\/a><\/p>\n\n\n\n<hr class=\"wp-block-separator\"\/>\n\n\n\n<p>E<\/p>\n\n\n\n<p><a href=\"https:\/\/jaeb.sankt-augustin.de\/wp-content\/uploads\/2022\/01\/Elternbeiratshandbuch_AUGUST2021.pdf\" data-type=\"URL\" data-id=\"https:\/\/jaeb.sankt-augustin.de\/wp-content\/uploads\/2022\/01\/Elternbeiratshandbuch_AUGUST2021.pdf\" target=\"_blank\" rel=\"noreferrer noopener\">Handbuch f\u00fcr Elternbeir\u00e4te (Stand: 2021)<\/a><\/p>\n\n\n\n<hr class=\"wp-block-separator\"\/>\n\n\n\n<p>K<\/p>\n\n\n\n<p><a href=\"https:\/\/jaeb.sankt-augustin.de\/wp-content\/uploads\/2022\/01\/Kopflaeuse.pdf\" data-type=\"URL\" data-id=\"https:\/\/jaeb.sankt-augustin.de\/wp-content\/uploads\/2022\/01\/Kopflaeuse.pdf\" target=\"_blank\" rel=\"noreferrer noopener\">Kopfl\u00e4use<\/a><\/p>\n\n\n\n<hr class=\"wp-block-separator\"\/>\n\n\n\n<p>S<\/p>\n\n\n\n<p><a href=\"https:\/\/jaeb.sankt-augustin.de\/wp-content\/uploads\/2022\/01\/Aufstellung-Spielplaetze-Sankt-Augustin.pdf\" data-type=\"URL\" data-id=\"https:\/\/jaeb.sankt-augustin.de\/wp-content\/uploads\/2022\/01\/Aufstellung-Spielplaetze-Sankt-Augustin.pdf\" target=\"_blank\" rel=\"noreferrer noopener\">Spielpl\u00e4tze in Sankt Augustin<\/a><\/p>\n","protected":false},"excerpt":{"rendered":"<p>von A bis Z A Aushang G Gesch\u00e4ftsordnung von 2019 Umgang mit Geschenken E Handbuch f\u00fcr Elternbeir\u00e4te (Stand: 2021) K Kopfl\u00e4use S Spielpl\u00e4tze in Sankt Augustin<\/p>\n","protected":false},"author":1,"featured_media":0,"parent":0,"menu_order":0,"comment_status":"closed","ping_status":"closed","template":"","meta":{"footnotes":""},"_links":{"self":[{"href":"https:\/\/jaeb.sankt-augustin.de\/index.php\/wp-json\/wp\/v2\/pages\/338"}],"collection":[{"href":"https:\/\/jaeb.sankt-augustin.de\/index.php\/wp-json\/wp\/v2\/pages"}],"about":[{"href":"https:\/\/jaeb.sankt-augustin.de\/index.php\/wp-json\/wp\/v2\/types\/page"}],"author":[{"embeddable":true,"href":"https:\/\/jaeb.sankt-augustin.de\/index.php\/wp-json\/wp\/v2\/users\/1"}],"replies":[{"embeddable":true,"href":"https:\/\/jaeb.sankt-augustin.de\/index.php\/wp-json\/wp\/v2\/comments?post=338"}],"version-history":[{"count":4,"href":"https:\/\/jaeb.sankt-augustin.de\/index.php\/wp-json\/wp\/v2\/pages\/338\/revisions"}],"predecessor-version":[{"id":351,"href":"https:\/\/jaeb.sankt-augustin.de\/index.php\/wp-json\/wp\/v2\/pages\/338\/revisions\/351"}],"wp:attachment":[{"href":"https:\/\/jaeb.sankt-augustin.de\/index.php\/wp-json\/wp\/v2\/media?parent=338"}],"curies":[{"name":"wp","href":"https:\/\/api.w.org\/{rel}","templated":true}]}}