{"id":12,"date":"2021-02-10T22:45:48","date_gmt":"2021-02-10T22:45:48","guid":{"rendered":"http:\/\/jaeb.sankt-augustin.de\/?page_id=12"},"modified":"2025-04-02T21:52:35","modified_gmt":"2025-04-02T19:52:35","slug":"jaeb-sankt-augustin","status":"publish","type":"page","link":"https:\/\/jaeb.sankt-augustin.de\/","title":{"rendered":"JAEBs &#8211; was ist das?"},"content":{"rendered":"\n<p>Aus den gew\u00e4hlten Elternvertretern der Kindertagesst\u00e4tten, sowie Elternvertreter von Eltern mit Kindern in der Tagespflege, werden die Vertreter f\u00fcr den Jugendamtselternbeirat gew\u00e4hlt.<\/p>\n\n\n\n<p>Was sind die wesentlichen Aufgaben des JAEB?<\/p>\n\n\n\n<p>Die <strong>Interessen der Elternschaft <\/strong>gegen\u00fcber den Tr\u00e4gern der Jugendhilfe zu vertreten und <strong>bei wesentlichen<\/strong> die Kindertageseinrichtungen betreffenden <strong>Fragen<\/strong> mitzuwirken.&nbsp;<\/p>\n\n\n\n<p>Das hei\u00dft, wenn es Probleme mit der KiTa, der Tagespflege, dem Tr\u00e4ger etc. gibt, dann sprecht uns gerne an. Wir haben haben immer ein offenes Ohr und k\u00f6nnen sicherlich bei den verschiedensten Problemen helfen. Schreibt uns einfach <strong>eine Mail<\/strong> oder nimmt einfach<strong> via WhatsApp<\/strong> Kontakt zu uns auf. Die Kontaktdaten findet ihr oben bei <em>Kontakt.<\/em><\/p>\n\n\n\n<p>Der Jugendamtselternbeirat ist <strong>Ansprechpartner f\u00fcr alle Elternbeir\u00e4te<\/strong> der Kitas und <strong>Eltern mit Kindern in der Tagespflege<\/strong> in Sankt Augustin.<\/p>\n\n\n\n<hr class=\"wp-block-separator has-css-opacity\"\/>\n\n\n\n<div class=\"wp-block-media-text alignwide is-stacked-on-mobile\" style=\"grid-template-columns:18% auto\"><figure class=\"wp-block-media-text__media\"><img loading=\"lazy\" decoding=\"async\" width=\"720\" height=\"566\" src=\"https:\/\/jaeb.sankt-augustin.de\/wp-content\/uploads\/2022\/08\/JAEB-Pyramide.jpg\" alt=\"\" class=\"wp-image-365 size-full\" srcset=\"https:\/\/jaeb.sankt-augustin.de\/wp-content\/uploads\/2022\/08\/JAEB-Pyramide.jpg 720w, https:\/\/jaeb.sankt-augustin.de\/wp-content\/uploads\/2022\/08\/JAEB-Pyramide-300x236.jpg 300w\" sizes=\"(max-width: 720px) 100vw, 720px\" \/><\/figure><div class=\"wp-block-media-text__content\">\n<p class=\"has-black-color has-text-color has-normal-font-size\">Die Elternbeir\u00e4te sind herzlich dazu eingeladen, im JAEB aktiv mitzuarbeiten. Themen sind zum Beispiel Essenausschreibungen, KiTa Ausbau und Platzvergabe, Fragen oder Probleme mit der KiTa, etc.<\/p>\n\n\n\n<p class=\"has-black-color has-text-color\">Innerhalb des JAEBs werden diverse Vertreter bestimmt, die zB an den Sitzungen des LEB teilnehmen oder im Jugendhilfeausschuss als Vertreter engagieren m\u00f6chten oder die die Pflege der Webseite\/ Social Media \u00fcbernehmen.<\/p>\n\n\n\n<p class=\"has-black-color has-text-color\">Falls ihr weitere Fragen dazu habt, meldet euch bitte.<\/p>\n<\/div><\/div>\n\n\n\n<hr class=\"wp-block-separator has-alpha-channel-opacity\"\/>\n\n\n\n<p><a href=\"https:\/\/www.sankt-augustin.de\/neuer-jugendamtselternbeirat-fuer-das-kita-jahr-2022-2023-gewaehlt\/\" data-type=\"URL\" data-id=\"https:\/\/www.sankt-augustin.de\/neuer-jugendamtselternbeirat-fuer-das-kita-jahr-2022-2023-gewaehlt\/\">Link zur offiziellen Webseite der Stadt Sankt Augustin<\/a><\/p>\n\n\n\n<hr class=\"wp-block-separator has-alpha-channel-opacity\"\/>\n\n\n\n<p>Wenn ihr Fragen, Hilfe, Anregungen rund um das Thema KiTa habt oder wenn ihr Problem mit eurer KiTa habt, meldet euch. Zusammen finden wir eine L\u00f6sung!<\/p>\n\n\n\n<hr class=\"wp-block-separator has-css-opacity\"\/>\n\n\n\n<p><strong>Unser Flyer!<\/strong><\/p>\n\n\n\n<figure class=\"wp-block-embed-pdf-viewer-pdf wp-block-embed-pdf-viewer-pdf__content-wrapper aligncenter\"><object class=\"embed-pdf-viewer\" data=\"https:\/\/jaeb.sankt-augustin.de\/wp-content\/uploads\/2022\/08\/JAEB-Flyer-ab-MAI2022.pdf#scrollbar=1&amp;toolbar=1\" type=\"application\/pdf\" height=\"770\" width=\"770\" title=\"\"><\/object><iframe loading=\"lazy\" class=\"embed-pdf-viewer\" src=\"https:\/\/docs.google.com\/viewer?url=https%3A%2F%2Fjaeb.sankt-augustin.de%2Fwp-content%2Fuploads%2F2022%2F08%2FJAEB-Flyer-ab-MAI2022.pdf&amp;embedded=true\" frameborder=\"0\" height=\"770\" width=\"770\" title=\"\"><\/iframe><\/figure>\n","protected":false},"excerpt":{"rendered":"<p>Aus den gew\u00e4hlten Elternvertretern der Kindertagesst\u00e4tten, sowie Elternvertreter von Eltern mit Kindern in der Tagespflege, werden die Vertreter f\u00fcr den Jugendamtselternbeirat gew\u00e4hlt. Was sind die wesentlichen Aufgaben des JAEB? Die Interessen der Elternschaft gegen\u00fcber den Tr\u00e4gern der Jugendhilfe zu vertreten und bei wesentlichen die Kindertageseinrichtungen betreffenden Fragen mitzuwirken.&nbsp; Das hei\u00dft, wenn es Probleme mit der &#8230; <a title=\"JAEBs &#8211; was ist das?\" class=\"read-more\" href=\"https:\/\/jaeb.sankt-augustin.de\/\" aria-label=\"Mehr dazu unter JAEBs &#8211; was ist das?\">Weiterlesen<\/a><\/p>\n","protected":false},"author":1,"featured_media":0,"parent":0,"menu_order":0,"comment_status":"closed","ping_status":"closed","template":"","meta":{"footnotes":""},"_links":{"self":[{"href":"https:\/\/jaeb.sankt-augustin.de\/index.php\/wp-json\/wp\/v2\/pages\/12"}],"collection":[{"href":"https:\/\/jaeb.sankt-augustin.de\/index.php\/wp-json\/wp\/v2\/pages"}],"about":[{"href":"https:\/\/jaeb.sankt-augustin.de\/index.php\/wp-json\/wp\/v2\/types\/page"}],"author":[{"embeddable":true,"href":"https:\/\/jaeb.sankt-augustin.de\/index.php\/wp-json\/wp\/v2\/users\/1"}],"replies":[{"embeddable":true,"href":"https:\/\/jaeb.sankt-augustin.de\/index.php\/wp-json\/wp\/v2\/comments?post=12"}],"version-history":[{"count":51,"href":"https:\/\/jaeb.sankt-augustin.de\/index.php\/wp-json\/wp\/v2\/pages\/12\/revisions"}],"predecessor-version":[{"id":505,"href":"https:\/\/jaeb.sankt-augustin.de\/index.php\/wp-json\/wp\/v2\/pages\/12\/revisions\/505"}],"wp:attachment":[{"href":"https:\/\/jaeb.sankt-augustin.de\/index.php\/wp-json\/wp\/v2\/media?parent=12"}],"curies":[{"name":"wp","href":"https:\/\/api.w.org\/{rel}","templated":true}]}}